{"id":137,"date":"2011-11-02T13:00:41","date_gmt":"2011-11-02T13:00:41","guid":{"rendered":"https:\/\/noticias.eudel.eus\/?page_id=137"},"modified":"2012-12-11T13:06:44","modified_gmt":"2012-12-11T12:06:44","slug":"suscripcion-newsletter","status":"publish","type":"page","link":"https:\/\/noticias.eudel.eus\/en\/suscripcion-newsletter\/","title":{"rendered":"(ES) Suscripci\u00f3n Noticias"},"content":{"rendered":"<p class=\"qtranxs-available-languages-message qtranxs-available-languages-message-en\">Sorry, this entry is only available in <a href=\"https:\/\/noticias.eudel.eus\/es\/wp-json\/wp\/v2\/pages\/137\" class=\"qtranxs-available-language-link qtranxs-available-language-link-es\" title=\"ES\">ES<\/a> and <a href=\"https:\/\/noticias.eudel.eus\/eu\/wp-json\/wp\/v2\/pages\/137\" class=\"qtranxs-available-language-link qtranxs-available-language-link-eu\" title=\"EU\">EU<\/a>.<\/p>","protected":false},"excerpt":{"rendered":"Nombre Email Suscribi\u00e9ndose acepta nuestra pol\u00edtica de privacidad Nombre Email Suscribi\u00e9ndose acepta nuestra pol\u00edtica de privacidad","protected":false},"author":1,"featured_media":0,"parent":0,"menu_order":0,"comment_status":"closed","ping_status":"closed","template":"","meta":{"footnotes":""},"_links":{"self":[{"href":"https:\/\/noticias.eudel.eus\/en\/wp-json\/wp\/v2\/pages\/137"}],"collection":[{"href":"https:\/\/noticias.eudel.eus\/en\/wp-json\/wp\/v2\/pages"}],"about":[{"href":"https:\/\/noticias.eudel.eus\/en\/wp-json\/wp\/v2\/types\/page"}],"author":[{"embeddable":true,"href":"https:\/\/noticias.eudel.eus\/en\/wp-json\/wp\/v2\/users\/1"}],"replies":[{"embeddable":true,"href":"https:\/\/noticias.eudel.eus\/en\/wp-json\/wp\/v2\/comments?post=137"}],"version-history":[{"count":11,"href":"https:\/\/noticias.eudel.eus\/en\/wp-json\/wp\/v2\/pages\/137\/revisions"}],"predecessor-version":[{"id":3219,"href":"https:\/\/noticias.eudel.eus\/en\/wp-json\/wp\/v2\/pages\/137\/revisions\/3219"}],"wp:attachment":[{"href":"https:\/\/noticias.eudel.eus\/en\/wp-json\/wp\/v2\/media?parent=137"}],"curies":[{"name":"wp","href":"https:\/\/api.w.org\/{rel}","templated":true}]}}