{"id":137,"date":"2011-11-02T13:00:41","date_gmt":"2011-11-02T13:00:41","guid":{"rendered":"https:\/\/noticias.eudel.eus\/?page_id=137"},"modified":"2012-12-11T13:06:44","modified_gmt":"2012-12-11T12:06:44","slug":"suscripcion-newsletter","status":"publish","type":"page","link":"https:\/\/noticias.eudel.eus\/eu\/suscripcion-newsletter\/","title":{"rendered":"Berri harpidetza"},"content":{"rendered":"<p><div class=\"tnp tnp-subscription \">\n<form method=\"post\" action=\"https:\/\/noticias.eudel.eus\/eu\/?na=s\">\n<input type=\"hidden\" name=\"nlang\" value=\"\">\n<div class=\"tnp-field tnp-field-firstname\"><label for=\"tnp-4\">Nombre<\/label>\n<input class=\"tnp-name\" type=\"text\" name=\"nn\" id=\"tnp-4\" value=\"\" placeholder=\"\"><\/div>\n<div class=\"tnp-field tnp-field-email\"><label for=\"tnp-5\">Email<\/label>\n<input class=\"tnp-email\" type=\"email\" name=\"ne\" id=\"tnp-5\" value=\"\" placeholder=\"\" required><\/div>\n<div class=\"tnp-field tnp-privacy-field\"><label><input type=\"checkbox\" name=\"ny\" required class=\"tnp-privacy\"> <a target=\"_blank\" href=\"https:\/\/www.eudel.eus\/es\/politica_de_privacidad\">Suscribi\u00e9ndose acepta nuestra pol\u00edtica de privacidad<\/a><\/label><\/div><div class=\"tnp-field tnp-field-button\" style=\"text-align: left\"><input class=\"tnp-submit\" type=\"submit\" value=\"Enviar\" style=\"\">\n<\/div>\n<\/form>\n<\/div>\n<\/p>","protected":false},"excerpt":{"rendered":"Nombre Email Suscribi\u00e9ndose acepta nuestra pol\u00edtica de privacidad Nombre Email Suscribi\u00e9ndose acepta nuestra pol\u00edtica de privacidad","protected":false},"author":1,"featured_media":0,"parent":0,"menu_order":0,"comment_status":"closed","ping_status":"closed","template":"","meta":{"footnotes":""},"_links":{"self":[{"href":"https:\/\/noticias.eudel.eus\/eu\/wp-json\/wp\/v2\/pages\/137"}],"collection":[{"href":"https:\/\/noticias.eudel.eus\/eu\/wp-json\/wp\/v2\/pages"}],"about":[{"href":"https:\/\/noticias.eudel.eus\/eu\/wp-json\/wp\/v2\/types\/page"}],"author":[{"embeddable":true,"href":"https:\/\/noticias.eudel.eus\/eu\/wp-json\/wp\/v2\/users\/1"}],"replies":[{"embeddable":true,"href":"https:\/\/noticias.eudel.eus\/eu\/wp-json\/wp\/v2\/comments?post=137"}],"version-history":[{"count":11,"href":"https:\/\/noticias.eudel.eus\/eu\/wp-json\/wp\/v2\/pages\/137\/revisions"}],"predecessor-version":[{"id":3219,"href":"https:\/\/noticias.eudel.eus\/eu\/wp-json\/wp\/v2\/pages\/137\/revisions\/3219"}],"wp:attachment":[{"href":"https:\/\/noticias.eudel.eus\/eu\/wp-json\/wp\/v2\/media?parent=137"}],"curies":[{"name":"wp","href":"https:\/\/api.w.org\/{rel}","templated":true}]}}